{"id":90,"date":"2018-01-02T10:52:29","date_gmt":"2018-01-02T18:52:29","guid":{"rendered":"https:\/\/sites.evergreen.edu\/zoltan\/?page_id=90"},"modified":"2025-09-26T14:13:34","modified_gmt":"2025-09-26T21:13:34","slug":"zoltanservice","status":"publish","type":"page","link":"https:\/\/sites.evergreen.edu\/zoltan\/zoltanservice\/","title":{"rendered":"Community Service"},"content":{"rendered":"<h4><b>COMMUNITY SERVICE WORK, PROJECTS, AND AWARDS<\/b><\/h4>\n<h4>2025<\/h4>\n<p>Member of Exhibitions and Programs Advisory Committee (EPAC) of the <a href=\"https:\/\/www.olyaha.org\/\">Olympia Arts &amp; Heritage Alliance Museum<\/a><\/p>\n<h4>2024-25<\/h4>\n<p>Member of <a href=\"https:\/\/www.evergreen.edu\/student-life\/student-activities\/student-governance\/gazasolidarity\">Investment Policy Disappearing Task Force (DTF)<\/a> charged by Evergreen President as part of Memorandum of Understanding with the Evergreen Gaza Solidarity Encampment.<\/p>\n<h4>2024<\/h4>\n<p>Organizing committee for Evergreen post-election forum on &#8220;<a href=\"https:\/\/www.facebook.com\/events\/452736370782151\">Fighting and Caring for Others at Home and Abroad<\/a>.&#8221;<\/p>\n<h4>2021-Present<\/h4>\n<p>Advisory Board member for Evergreen&#8217;s <a href=\"https:\/\/www.evergreen.edu\/academics\/centers-institutes\/climate\">Center for Climate Action and Sustainability<\/a> (CCAS). Coordination group for Evergreen\u2019s <a href=\"https:\/\/sites.evergreen.edu\/climatechange\/speaker-and-event-series\/\">Climate Justice and Resilience Speaker and Event Series<\/a><\/p>\n<h4>2020<\/h4>\n<p>Organizing committee for Evergreen forum on &#8220;<span class=\"d2edcug0 hpfvmrgz qv66sw1b c1et5uql oi732d6d ik7dh3pa fgxwclzu a8c37x1j keod5gw0 nxhoafnm aigsh9s9 d3f4x2em fe6kdd0r mau55g9w c8b282yb iv3no6db jq4qci2q a3bd9o3v knj5qynh oo9gr5id hzawbc8m\" dir=\"auto\"><a href=\"https:\/\/www.youtube.com\/watch?v=xdsObjZdb9o&amp;fbclid=IwAR2gQi6aMncKWb43QBv0SdLvcIM6gubGXm2t9wvd3rr1pxNefXlgEMtmTDs\">What Lies Ahead After the Election: A Forum with Community Organizers<\/a>&#8220;<\/span><\/p>\n<p>Board Member (2020-23) of <a href=\"https:\/\/rachelcorriefoundation.org\/\">The Rachel Corrie Foundation for Peace and Justice<\/a>, Olympia WA.\u00a0 <a href=\"https:\/\/rachelcorriefoundation.org\/geographerstatement\">Geographer&#8217;s Statement<\/a> on the <a href=\"https:\/\/mondoweiss.net\/2020\/08\/defacing-of-olympia-mural-highlights-native-american-palestinian-solidarity\/\">Defacing<\/a> of the <a href=\"https:\/\/olympiarafahmural.org\/\">Olympia-Rafah Solidarity Mural<\/a>.<\/p>\n<p>Organizing committee for Economics for Everyone Online Forum on &#8220;<a href=\"https:\/\/economicsforeveryoneolympia.weebly.com\/upcoming-events.html\">Building Anti-Racist Movements in a Time of Crises<\/a>.&#8221;<\/p>\n<p><a href=\"https:\/\/sites.evergreen.edu\/zoltan\/wp-content\/uploads\/sites\/358\/2020\/07\/OlympiaPublicCommentJune9.pdf\">Public comments<\/a> to Olympia City Council on <a href=\"https:\/\/www.facebook.com\/zoltan.grossman\/media_set?set=a.10221434537188232&amp;type=3\">armed far-right militias<\/a>.<\/p>\n<p>Organizing committee for Olympia Movement for Justice and Peace&#8217;s <a href=\"https:\/\/www.facebook.com\/events\/557104108352031\/\">Olympia Rally for No War With Iran<\/a>, including <a href=\"https:\/\/sites.evergreen.edu\/zoltan\/wp-content\/uploads\/sites\/358\/2020\/01\/InterventionHeadstones.pdf\">Intervention Headstones<\/a>.\u00a0 <a href=\"https:\/\/sites.evergreen.edu\/zoltan\/wp-content\/uploads\/sites\/358\/2021\/07\/InterventionsHeadstonesPic.jpg\">Photo of rally<\/a>.<\/p>\n<h4><strong>2019<\/strong><\/h4>\n<p>Visiting Scholar at <a href=\"https:\/\/geography.unm.edu\/\">University of New Mexico Department of Geography and Environmental Studies.<\/a><\/p>\n<p>Coordinator of \u201c<a href=\"https:\/\/sites.evergreen.edu\/oceaniarising\">Oceania Rising: Peace Pivot to the Pacific<\/a>\u201d speaking tour of Okinawa, Guam, Hawai\u2019i community organizers to the Pacific Northwest. <a href=\"https:\/\/www.youtube.com\/watch?v=fW0YLpg7cXg\">Video of Seattle presentations<\/a> (94 min.)<\/p>\n<h4><strong>2017<\/strong><\/h4>\n<p>Member of <a href=\"https:\/\/www.theolympian.com\/news\/local\/education\/article175805991.html\">Staff and Faculty Acting for Equity<\/a>, The Evergreen State College.<\/p>\n<p>Planning Committee for <a href=\"https:\/\/sites.evergreen.edu\/indigenousclimate\/2017-indigenous-climate-justice-symposium\/\">Indigenous Climate Justice Symposium<\/a>, The Evergreen State College Longhouse<\/p>\n<h4><strong>2016<\/strong><\/h4>\n<p>Support for <a href=\"https:\/\/sites.evergreen.edu\/zoltan\/standingrock\">Standing Rock blockade<\/a> of Dakota Access oil pipeline.<\/p>\n<p>Spring <a href=\"https:\/\/sites.evergreen.edu\/zoltan\/wp-content\/uploads\/sites\/358\/2019\/10\/Sabbatical-report.pdf\">sabbatical research<\/a> on <a href=\"https:\/\/sites.evergreen.edu\/zoltan\/hawaii\/\">U.S. military bases and occupation of Kanaka Maoli (Native Hawaiian) lands.<\/a> Visiting Scholar at <a href=\"https:\/\/geography.manoa.hawaii.edu\/\">University of Hawai&#8217;i-M\u0101noa Department of Geography<\/a>.<\/p>\n<p>Developed website <a href=\"http:\/\/www.fossilfuelconnections.org\/\">FossilFuelConnections.org<\/a> with students from Evergreen&#8217;s <a href=\"http:\/\/archives.evergreen.edu\/catalogs\/2015-16\/catalog\/2015-16\/programs\/resourcerebelsenvironmentaljusticemovementsbuildinghope-12454.html\">Resource Rebels<\/a> program.<\/p>\n<p>Resource Rebels partnership with Quinault Indian Nation for report on <a href=\"https:\/\/sites.evergreen.edu\/zoltan\/wp-content\/uploads\/sites\/358\/2018\/02\/GraysHarborReport.pdf\">economic alternatives to oil terminals in Grays Harbor WA.<\/a><\/p>\n<h4><strong>2015<br \/>\n<\/strong><\/h4>\n<p>Planning Committee for <a href=\"https:\/\/sites.evergreen.edu\/indigenousclimate\/2015-indigenous-climate-justice-symposium\/\">Indigenous Climate Justice Symposium<\/a>, The Evergreen State College Longhouse<\/p>\n<h4><strong>2014<\/strong><\/h4>\n<p>Recipient of Association of American Geographers&#8217; (AAG)<a href=\"https:\/\/www.aag.org\/aag-honors-five-geographers-with-2014-aag-enhancing-diversity-award\/\"> Enhancing Diversity Award<\/a>, along with four colleagues in the AAG<a href=\"http:\/\/www.indigenousgeography.net\/ipsg\/ipsg.shtm\"> Indigenous Peoples Specialty Grou<\/a>p.<\/p>\n<p>Supporting <a href=\"http:\/\/www.cleanharbor.org\/\">Citizens for a Clean Harbor<\/a> opposing oil terminals in Grays Harbor (Aberdeen\/Hoquiam).\u00a0 <a href=\"https:\/\/sites.evergreen.edu\/zoltan\/oiltrains\/\">Testimony<\/a> to EIS scoping hearings. <a href=\"https:\/\/sites.evergreen.edu\/zoltan\/wp-content\/uploads\/sites\/358\/2018\/02\/FossilFuelPorts-2.pdf\">Map of fossil fuel ports<\/a><\/p>\n<h4><strong>2013<\/strong><\/h4>\n<p>Active in <a href=\"https:\/\/olympiapfr.wordpress.com\/\">Olympia Confronting the Climate Crisis<\/a> project of the Fellowship of Reconciliation,\u00a0 opposing the <a href=\"https:\/\/sites.evergreen.edu\/zoltan\/wp-content\/uploads\/sites\/358\/2018\/02\/OilConnections-2.pdf\">complicity of Washington ports <\/a>(including <a href=\"http:\/\/olympiapfr.wordpress.com\/\">Olympia<\/a>) with the fossil fuel industry. <a href=\"https:\/\/www.theolympian.com\/opinion\/article25323229.html\">Op-ed<\/a> in <em>The Olympian<\/em> about oil fracking proppants shipped through Port of Olympia.<\/p>\n<p>Conference organizer for <a href=\"http:\/\/www.ipsr.ku.edu\/igrc\/hiiaka\/wis2dom.shtml\">Weaving Indigenous and Sustainability Sciences: Diversifying our Methods (WIS2DOM)<\/a> Workshop, Evergreen Longhouse, and Nisqually Tribe Field Tour. <a href=\"http:\/\/www.ipsr.ku.edu\/igrc\/wis2dom\/WorkshopReport2013.pdf\">Report to NSF<\/a><\/p>\n<h4><strong>2012<\/strong><\/h4>\n<p>Volunteer for <a href=\"http:\/\/paddletosquaxin.org\/\">Tribal Canoe Journey<\/a> preparations at Squaxin Island Tribe, as part of the Revitalizing Community program,\u00a0 The Evergreen State College, using \u00a0<a href=\"https:\/\/sites.evergreen.edu\/zoltan\/wp-content\/uploads\/sites\/358\/2018\/01\/NativeCulturalRespectGuidelines.pdf\">&#8220;Guidelines for Working with Native Communities&#8221;<\/a><\/p>\n<h4><b>2011<\/b><\/h4>\n<p>Member of <a href=\"https:\/\/sites.evergreen.edu\/zoltan\/wp-content\/uploads\/sites\/358\/2023\/09\/Bushoowah-ahlee-Point-articles.pdf\">Name Change Committee<\/a> at The Evergreen State College. Submitted successful joint Geographic Name Application of Evergreen and Squaxin Island Tribe to U.S. Bureau of Geographic Names to change &#8220;Sq- &#8211; &#8211; Point&#8221; to Bushoowah-ahlee Point.<\/p>\n<p>Coordinating Committee member for <a href=\"https:\/\/wri-irg.org\/en\/story\/2011\/fellowship-reconciliation-announces-militarism-watch\">Militarism Watch<\/a>, a project of the Fellowship of Reconciliation, to research U.S. militarization and build researcher skills and networks.<\/p>\n<h4><b>2010<\/b><\/h4>\n<p>Advisory board member for <a href=\"http:\/\/www.evergreen.edu\/communitybasedlearning\">Center for Community<b>&#8211;<\/b>Based Learning and Action<\/a> (CCBLA) at The Evergreen State College, Olympia (to present).<\/p>\n<h4><b>2009<\/b><\/h4>\n<p>Civilian member of the Board of Directors of G.I. Voice project, which set up the &#8220;<a href=\"http:\/\/www.vvaw.org\/veteran\/article\/?id=1252&amp;print=yes\">Coffee Strong<\/a>&#8221; G.I. coffeehouse resource center for soldiers by Fort Lewis, Lakewood, Wash. (to 2014)<\/p>\n<p><a href=\"https:\/\/sites.evergreen.edu\/zoltan\/wp-content\/uploads\/sites\/358\/2018\/02\/OilConnections-2.pdf\">Organizer<\/a> for <a href=\"https:\/\/sites.evergreen.edu\/zoltan\/blue-line-march\/\">Blue Line March<\/a> to mark climate change shoreline of downtown Olympia after sea-level rise.<\/p>\n<h4><b>2008<\/b><\/h4>\n<p>Co-Chair of the <a href=\"http:\/\/www.indigenousgeography.net\/ipsg\/ipsg.shtm\">Indigenous Peoples Specialty Group<\/a> of the<a href=\"http:\/\/www.aag.org\/\">\u00a0Association of American Geographers<\/a> (AAG), 2008-10.<\/p>\n<p>Attended the <a href=\"https:\/\/www.un.org\/development\/desa\/indigenouspeoples\/unpfii-sessions-2\/seventh-session-of-the-unpfii.html\">United Nations Permanent Forum on Indigenous Issues<\/a> 7th Session (focusing on climate change), as an Observer from the International Geographical Union (IGU) <a href=\"http:\/\/www.indigenousgeography.net\/ipkrc\/ipkrc.shtm\">Indigenous Peoples&#8217;\u00a0<\/a><a href=\"http:\/\/www.indigenousgeography.net\/ipkrc\/ipkrc.shtm\">Knowledges and Rights Commission,<\/a> at UN Headquarters, New York.<\/p>\n<p>Organizing committee member for <a href=\"https:\/\/www.evergreen.edu\/news\/archives\/2007\/12\/focus-the-nationday\">Focus the Nation<\/a> climate change community forum, The Evergreen State College.<\/p>\n<h4><b>2007<\/b><\/h4>\n<p>Organizing Committee member for the national\u00a0<a href=\"https:\/\/sites.evergreen.edu\/zoltan\/wp-content\/uploads\/sites\/358\/2018\/01\/REPORT.pdf\">Citizens\u00a0Hearing on the Legality of U.S. Actions in Iraq\u00a0<\/a><\/p>\n<p>Senior Associate, <a href=\"http:\/\/archives.evergreen.edu\/nwindian\/\">Northwest Indian Applied Research Institute<\/a> (NIARI), The Evergreen State College<\/p>\n<h4><b>2006<\/b><\/h4>\n<p>Active in <a href=\"https:\/\/couragetoresist.org\/category\/lt-ehren-watada\/\">Friends &amp; Family of Lt. Ehren Watada<\/a>, supporting the first military officer to refuse deployment to Iraq.<\/p>\n<p>Associate (nonveteran) Member of <a href=\"https:\/\/veteransforpeace109.org\/\">Veterans for Peace<\/a>&#8211;Rachel Corrie Chapter 109.<\/p>\n<p>Co-founded <a href=\"https:\/\/sites.evergreen.edu\/indigenousclimate\/\">Climate Change and Pacific Rim Indigenous Nations Project<\/a>, The Evergreen State College.<\/p>\n<h4><b>2005<\/b><\/h4>\n<p>Active in <a href=\"http:\/\/www.omjp.org\/\">Olympia Movement for Justice &amp; Peace<\/a> (OMJP), Washington<\/p>\n<h4><b>2004<\/b><\/h4>\n<p>Programming Committee chair of <a href=\"http:\/\/www.whysradio.org\/\">WHYS Community Radio<\/a> 96.3 FM, Eau Claire, Wis.<\/p>\n<h4><b>2003<\/b><\/h4>\n<p>Honored by Mole Lake Sokaogon Chippewa Community for role in <a href=\"http:\/\/treaty.indigenousnative.org\/victory.html\">Crandon mine victory\u00a0<\/a>in northeastern Wisconsin.<\/p>\n<p>Faculty advisor to University of Wisconsin-Eau Claire campus chapter of Amnesty International.<\/p>\n<p>Member of <a href=\"http:\/\/listserve.uwec.edu\/sfpj\/\">Eau Claire Staff and Faculty for Peace and Justice<\/a><\/p>\n<h4><b>2002<\/b><\/h4>\n<p>Participated in proposing the <a href=\"http:\/\/treaty.indigenousnative.org\/buyout.html\">Wolf River Headwaters Protection Purchase<\/a>, for a public acquisition of the Crandon mine site in northeastern Wisconsin.<\/p>\n<h4><b>2001<\/b><\/h4>\n<p>Trainer for &#8220;Safe From Hatred&#8221; witness program for local Muslim community after 9\/11 (Madison, Wis.).<\/p>\n<p>Excellence in Media Award (<a href=\"https:\/\/grist.org\/article\/spin1\/\">Concerned Citizens of Newport<\/a>, in Columbia Co., Wis.).<\/p>\n<p>Co-organizer of <a href=\"http:\/\/treaty.indigenousnative.org\/assembly.html\">Citizens&#8217; Assembly<\/a> for a democratic and sustainable future in Wisconsin.<\/p>\n<h4><b>2000<\/b><\/h4>\n<p>Coalition Building and Mobilization Award (Mining Impact Coalition, Milwaukee).<\/p>\n<p>Participant in &#8220;<a href=\"http:\/\/walktoremember.tripod.com\/\">Walk to Remember<\/a>&#8221; journey around Lake Superior.<\/p>\n<h4><b>1998<\/b><\/h4>\n<p>Hilary J. Waukau Environmental Excellence Award (Menominee Indian Tribe, Wis.).<\/p>\n<p>Stewardship Award for Citizen Achievement (Wisconsin Stewardship Network).<\/p>\n<h4><b>1996-2002<\/b><\/h4>\n<p>Regular host of &#8220;A Public Affair&#8221; <a href=\"https:\/\/sites.evergreen.edu\/zoltan\/zoltanservice\/\">WORT call-in radio program<\/a>, Madison, Wis.<\/p>\n<h4><b>1995-2005<\/b><\/h4>\n<p>Co-founder of <a href=\"http:\/\/treaty.indigenousnative.org\/wwep.html\">Wolf Watershed Educational Project<\/a> to protect NE Wisconsin&#8217;s Wolf River.<\/p>\n<h4><b>1994-2008<\/b><\/h4>\n<p>Attended the <a href=\"http:\/\/www.ienearth.org\/\">Indigenous Environmental Network<\/a>&#8216;s annual Protecting Mother Earth Conferences inWisconsin, Alaska, North Carolina, Montana, New Mexico, and Nevada<\/p>\n<h4><b>1993-1994<\/b><\/h4>\n<p>Co-coordinator of Protect The Earth Gatherings on the Lac du Flambeau Reservation, Wis. in 1993,and on the Mole Lake Reservation, Wis. (co-sponsored in 1994 with the Indigenous Environmental Network).<\/p>\n<h4><b>1992<\/b><\/h4>\n<p>Peace and Dignity Journey runner in Wisconsin and Mexico.<\/p>\n<h4><b>1989-2005<\/b><\/h4>\n<p>Co-founder and Board of Directors member of <a href=\"https:\/\/web.archive.org\/web\/20210314032121\/http:\/\/treaty.indigenousnative.org\/content.html\">Midwest Treaty Network<\/a>.<\/p>\n<h4><b>1988-1992<\/b><\/h4>\n<p>Trained Witnesses for Nonviolence for spearfishing crisis monitoring at Lac du Flambeau Reservation, Wis.\u00a0 Co-founder of Madison Treaty Rights Support Group.<\/p>\n<h4><b>1987-1991<\/b><\/h4>\n<p>National Associate Director of the Committee Against Registration and the Draft(CARD), edited <i>Anti-Draft<\/i> newsletter (Madison).<\/p>\n<h4>\u00a0<b>1987-1990<\/b><\/h4>\n<p>Chief Editor, <i>Wisconsin Commonwealth <\/i>newspaper of the Labor-Farm Party of Wisconsin.<\/p>\n<h4><b>1985<\/b><\/h4>\n<p>Visited <a href=\"https:\/\/sites.evergreen.edu\/zoltan\/wp-content\/uploads\/sites\/358\/2019\/09\/raceandclass.pdf\">Philippine environmental and indigenous groups<\/a> as free-lance journalist.<\/p>\n<h4><b>1982<\/b><\/h4>\n<p>Board of Directors for <a href=\"http:\/\/www.nukeresister.org\/static\/nr135\/135elfcloses.html\">Stop Project ELF<\/a>, Wisconsin.<\/p>\n<h4><b>1980-1984<\/b><\/h4>\n<p>Co-founder of Wisconsin Action Group for Environmental Responsibility.<\/p>\n<h4><b>1978-1980<\/b><\/h4>\n<p>Member of Native American Solidarity Committee and <a href=\"https:\/\/bhcleanwateralliance.org\/about\/black-hills-alliance\/bha-archive\/\">Black Hills Alliance,<\/a> Minneapolis. Organizer for the <a href=\"https:\/\/bhcleanwateralliance.files.wordpress.com\/2019\/04\/1980_black_hills_internatl_survival_gathering_official_handbook.pdf\">Black Hills International Survival Gathering<\/a>, Europe and South Dakota.<\/p>\n<h4><b>SELECTED RADIO GUESTS<\/b><\/h4>\n<p>(&#8220;A Public Affair&#8221; call-in talk show on WORT-FM, Madison, 1996-2002)<\/p>\n<h5><b>International<\/b><\/h5>\n<p>Afghanistan\/Pakistan (Tariq Ali, Ahmed Rashid, Robert Fisk, Tayyab Mahmud, Mustapha Pasha, Marc Herold)<\/p>\n<p>India (Arundhati Roy)<\/p>\n<p>Yugoslavia (Jasminka Udovicki, Bojana Mladenovic, Jeremy Scahill, Robert Fisk)<\/p>\n<p>Colombia (Cecilia Zarate-Laun, Jack Laun, Atossa Soltani, Pat Reinsborough)<\/p>\n<p>Middle East (Joel Beinin, Jennifer Loewenstein, Ali Abunimah, Mary Layoun, Ismael Abu-Saad)<\/p>\n<p>Iraq (Rania Masri, Kathy Kelly, Erik Gustafsen)<\/p>\n<p>Military interventions (Noam Chomsky, Howard Zinn, David Cortright, William Blum)<\/p>\n<p>Poetry\/music on September 11th attacks (reading with Liz DiNovella)<\/p>\n<p>Chiapas, Mexico (Cecilia Rodriguez)<\/p>\n<p>East Timor (Constancio Pinto and Matthew Jardine)<\/p>\n<p>El Salvador (Maria Serrano)<\/p>\n<p>Congo (Aliko Songolo)<\/p>\n<p>Panama (Lamoine Werlein-Jaen)<\/p>\n<p>Roma\/Gypsies (Zolt\u00e1n B\u00e1r\u00e1ny, Margaret Beissinger)<\/p>\n<p>Biochemical warfare (Stephen Shalom)<\/p>\n<p>Northern Ireland<\/p>\n<p>Vieques, Puerto Rico<\/p>\n<p>Russia\/Chechnya<\/p>\n<p>Canada\/Quebec<\/p>\n<p>WTO\/FTAA<\/p>\n<p>Land mines.<\/p>\n<h5><b>U.S. Society and Politics<\/b><\/h5>\n<p>Native American treaty rights (Walter Bresette, Linda Brown)<\/p>\n<p>Indian mascots in schools (Barbara Munson)<\/p>\n<p>White supremacist groups (Loretta Ross, Leonard Zeskind, Chip Berlet, Graeme Atkinson, Daniel Levitas, Devin Burghart, Jonathan Mazzocchi)<\/p>\n<p>Indian gaming (Paul De Main);<\/p>\n<p>Independent politics (Jim Hightower, Bernie Sanders, Joel Kovel, Tammy Baldwin, Ed Garvey, Jeff Peterson, John Nichols)<\/p>\n<p>African American history (Noel Ignatiev, Eugene Parks, Clayborne Benson)<\/p>\n<p>Immigration (Bill Piatt, Melanie Okamoto)<\/p>\n<p>Supermax prisons (Amnesty International fact-finding delegation, Ruthie Gilmore).<\/p>\n<p>White power music (Justin Massa).<\/p>\n<h5><b>Environmental<\/b><\/h5>\n<p>Chernobyl\/nuclear waste (Belarus Ambassador Serguei Martynov, Mary Olson);<\/p>\n<p>Indigenous activism (Winona LaDuke, Tom Goldtooth, Chris Peters);<\/p>\n<p>Genetic engineering (Ronnie Cummins, Michio Kaku, Judy Gobert, Will Fantle, Jack Kloppenburg, Marcy Darnovsky)<\/p>\n<p>Environmental justice (Sheila Foster),<\/p>\n<p>Population and environment (Asoka Bandarage)<\/p>\n<p>Wisconsin mining issues (Chuck Sleeter, Al Gedicks, Fred Ackley, Ken Fish, Fran Van Zile)<\/p>\n<p>Mad Deer disease (John Stauber)<\/p>\n<p>Badger Munitions (Laura Olah, William Boulware)<\/p>\n<p>Perrier springwater pumping (Hiroshi and Arlene Kanno)<\/p>\n<p>Electrical transmission lines (Linda Ceylor, Tom Kreager)<\/p>\n<p>Manitoba hydroelectric dams (Ernest Monias),<\/p>\n<p>Low-level jet flights<\/p>\n<p>Factory hog farms.<\/p>\n","protected":false},"excerpt":{"rendered":"<p>COMMUNITY SERVICE WORK, PROJECTS, AND AWARDS 2025 Member of Exhibitions and Programs Advisory Committee (EPAC) of the Olympia Arts &amp; Heritage Alliance Museum 2024-25 Member of Investment Policy Disappearing Task Force (DTF) charged by Evergreen President as part of Memorandum of Understanding with the Evergreen Gaza Solidarity Encampment. 2024 Organizing committee for Evergreen post-election forum &hellip; <a href=\"https:\/\/sites.evergreen.edu\/zoltan\/zoltanservice\/\" class=\"more-link\">Continue reading <span class=\"screen-reader-text\">Community Service<\/span><\/a><\/p>\n","protected":false},"author":2,"featured_media":0,"parent":0,"menu_order":0,"comment_status":"closed","ping_status":"closed","template":"","meta":{"_mi_skip_tracking":false},"_links":{"self":[{"href":"https:\/\/sites.evergreen.edu\/zoltan\/wp-json\/wp\/v2\/pages\/90"}],"collection":[{"href":"https:\/\/sites.evergreen.edu\/zoltan\/wp-json\/wp\/v2\/pages"}],"about":[{"href":"https:\/\/sites.evergreen.edu\/zoltan\/wp-json\/wp\/v2\/types\/page"}],"author":[{"embeddable":true,"href":"https:\/\/sites.evergreen.edu\/zoltan\/wp-json\/wp\/v2\/users\/2"}],"replies":[{"embeddable":true,"href":"https:\/\/sites.evergreen.edu\/zoltan\/wp-json\/wp\/v2\/comments?post=90"}],"version-history":[{"count":30,"href":"https:\/\/sites.evergreen.edu\/zoltan\/wp-json\/wp\/v2\/pages\/90\/revisions"}],"predecessor-version":[{"id":2477,"href":"https:\/\/sites.evergreen.edu\/zoltan\/wp-json\/wp\/v2\/pages\/90\/revisions\/2477"}],"wp:attachment":[{"href":"https:\/\/sites.evergreen.edu\/zoltan\/wp-json\/wp\/v2\/media?parent=90"}],"curies":[{"name":"wp","href":"https:\/\/api.w.org\/{rel}","templated":true}]}}