{"id":186,"date":"2018-01-13T17:49:49","date_gmt":"2018-01-14T01:49:49","guid":{"rendered":"https:\/\/sites.evergreen.edu\/zoltan\/?page_id=186"},"modified":"2025-01-31T16:57:25","modified_gmt":"2025-02-01T00:57:25","slug":"bowman","status":"publish","type":"page","link":"https:\/\/sites.evergreen.edu\/zoltan\/bowman\/","title":{"rendered":"Geographic Controversy over the Bowman Expeditions \/ M\u00e9xico Ind\u00edgena"},"content":{"rendered":"<p><span style=\"line-height: inherit\">These are some links on the issues surrounding the M\u00e9xico Ind\u00edgena project at the University of Kansas, so geography students and other academic researchers can become more aware of the controversy involving its connection to the Foreign Military Studies Office (FMSO) nearby at Fort Leavenworth, Kansas. It is useful to understand the larger context of military targeting of Indigenous dissent in the hemisphere, and the division and privatization of Indigenous collective lands &#8212; a background which has generated concerns about the project. <\/span><\/p>\n<p><span style=\"line-height: inherit\">The M\u00e9xico Ind\u00edgena project, part of the larger &#8220;Bowman Expeditions,&#8221; was jointly funded by the FMSO and the American Geographical Society (AGS), working with the weapons company Radiance Technologies. It was coordinated by Kansas geography professors Peter Herlihy and Jerome Dobson, working with the FMSO&#8217;s Geoffrey Demarest and Autonomous University of San Luis Potosi (UASLP) Professor Miguel Aguilar Robledo.<\/span><\/p>\n<h3><b>DOCUMENTS FOR AMERICAN ASSOCIATION OF GEOGRAPHERS (AAG) MEMBERS<\/b><\/h3>\n<p><a href=\"https:\/\/sites.evergreen.edu\/zoltan\/wp-content\/uploads\/sites\/358\/2023\/09\/IPSGResearchEthicsFinal.pdf\">Declaration of Key Questions about Research Ethics with Indigenous Communities,<\/a> by the <a href=\"https:\/\/www.aag.org\/groups\/indigenous-peoples\/\">AAG Indigenous Peoples Specialty Group<\/a> (10\/10)<\/p>\n<p><a href=\"https:\/\/sites.evergreen.edu\/zoltan\/wp-content\/uploads\/sites\/358\/2019\/10\/IPSGletterAAGboard.pdf\">Letter from AAG Indigenous Peoples Specialty <\/a><a href=\"https:\/\/sites.evergreen.edu\/zoltan\/wp-content\/uploads\/sites\/358\/2019\/10\/IPSGletterAAGboard.pdf\">Group (IPSG) to AAG Board<\/a> (4\/14\/09)<\/p>\n<p><a href=\"https:\/\/sites.evergreen.edu\/zoltan\/wp-content\/uploads\/sites\/358\/2019\/10\/IPSGLetterSanMiguelTiltepec.pdf\">Letter from IPSG Co-Chairs to San Miguel Tiltepec municipal authority<\/a> (4\/14\/09) <a href=\"https:\/\/sites.evergreen.edu\/zoltan\/wp-content\/uploads\/sites\/358\/2019\/10\/IpsgTranslationSMT.doc\">En espa\u00f1ol<\/a><\/p>\n<p><a href=\"https:\/\/sites.evergreen.edu\/zoltan\/wp-content\/uploads\/sites\/358\/2019\/10\/IPSG-discussion-paper.pdf\">Discussion Paper on Research and Indigenous Peoples<\/a> (Renee Pualani Louis and Zolt\u00e1n Grossman, Co-Chairs, AAG Indigenous Peoples Specialty Group, 3\/09)<\/p>\n<p><a href=\"https:\/\/sites.evergreen.edu\/zoltan\/wp-content\/uploads\/sites\/358\/2019\/10\/HerlihyLetterSign.pdf\">Request that the AAG conduct an inquiry into a violation of the ethical norms of geography<\/a> (Joe Bryan and Joel Wainwright, 3\/16\/09); <a href=\"https:\/\/sites.evergreen.edu\/zoltan\/wp-content\/uploads\/sites\/358\/2019\/10\/Bryan-Wainwright-8-April-2009.pdf\">Follow<\/a><a href=\"https:\/\/sites.evergreen.edu\/zoltan\/wp-content\/uploads\/sites\/358\/2019\/10\/Bryan-Wainwright-8-April-2009.pdf\">-up letter <\/a>(4\/8\/09)<\/p>\n<h3><b>CRITIQUES OF M\u00c9XICO IND\u00cdGENA PROJECT<\/b><\/h3>\n<p><a href=\"http:\/\/elenemigocomun.net\/2011\/09\/the-demarest-factor-us-military-mapping-of-indigenous-communities-in-oaxaca-mexico-documentary-film-55-minutes\/\">Online documentary film: <em>The Demarest Factor: U.S. military mapping of indigenous communities in Oaxaca, Mexico<\/em><\/a> (Sim\u00f3n Sedillo, 2010, 55 minutes, bilingual)<\/p>\n<p><a href=\"https:\/\/www.palgrave.com\/gp\/book\/9781137301734\"><em>Geopiracy: Oaxaca, militant empiricism, and geographical thought.<\/em> <\/a>New York: Palgrave Macmillan (Joel Wainwright, 2012)<\/p>\n<p><em><a href=\"https:\/\/www.guilford.com\/books\/Weaponizing-Maps\/Bryan-Wood\/9781462519910\">Weaponizing Maps:<\/a><a href=\"https:\/\/www.guilford.com\/books\/Weaponizing-Maps\/Bryan-Wood\/9781462519910\"> Indigenous Peoples and Counterinsurgency in the Americas.<\/a><\/em> New York: Guilford Press (Joe Bryan and Denis Wood, 2015)<\/p>\n<p><a href=\"https:\/\/www.counterpunch.org\/2012\/11\/29\/geography-counterinsurgent\/\">Geography Counterinsurgent<\/a> (Joel Wainwright, <em>Counterpunch<\/em>, 12\/16\/12)<\/p>\n<p><a href=\"http:\/\/elenemigocomun.net\/2011\/07\/u-s-army-geo-piracy-condemned\/\">Position of San Juan Yagila: Xidza Declaration on Geopiracy<\/a> (7\/24\/11)<\/p>\n<p><a href=\"https:\/\/sites.evergreen.edu\/zoltan\/wp-content\/uploads\/sites\/358\/2019\/10\/Position-of-San-Miguel-Tiltepec.doc\">Position of San Miguel Tiltepec on M\u00e9xico Ind\u00edgena (Rogelio Hern\u00e1ndez &amp; Bern<\/a>ardino Monta\u00f1o Mendoza, 3\/17\/09). (<a href=\"http:\/\/www.youtube.com\/watch?v=8W7da0VuiL0\">Press Conference<\/a> in Spanish on YouTube, 3\/17\/09)<\/p>\n<p><a href=\"https:\/\/sites.evergreen.edu\/zoltan\/wp-content\/uploads\/sites\/358\/2019\/10\/BryanForceMultipliers.pdf\">Force multipliers: Geography, militarism, and the Bowman Expeditions<\/a> (Joe Bryan, <i>Political Geography<\/i> 2010, 1-3)<\/p>\n<p><a href=\"https:\/\/sites.evergreen.edu\/zoltan\/wp-content\/uploads\/sites\/358\/2019\/10\/BryanForceMultipliersEsp.doc\">Multiplicadores de fuerza: geografia, militarismo, y las Expediciones Bowman<\/a> (Joe Bryan, <i>Political Geography<\/i> 2010, 1-3)<\/p>\n<p><a href=\"https:\/\/sites.evergreen.edu\/zoltan\/wp-content\/uploads\/sites\/358\/2019\/10\/CruzReply.pdf\">A living space: The relationship between land and property in the community<\/a> (Melquiades (Kiado) Cruz, <i>Political Geography<\/i> 2010, 1-2)<\/p>\n<p><a href=\"http:\/\/elenemigocomun.net\/2011\/09\/dod-funded-mapping-project-bowman-expeditions-mexico-indigena-to-participate-in-the-2011-world-human-geography-conference\/\">DoD-funded mapping project to participate in the 2011 World Human Geography Conference<\/a> (<em>El Enemigo Comun<\/em>, 9\/14\/11)<\/p>\n<p><a href=\"https:\/\/zcomm.org\/zmagazine\/u-s-military-funded-mapping-project-in-oaxaca-by-cyril-mychalejko\/\">U.S. Military Funded Mapping Project in Oaxaca<\/a> (Cyril Mychalejko and Ramor Ryan, <i>Z<\/i> magazine, 4\/09).<\/p>\n<p><a href=\"http:\/\/upsidedownworld.org\/archives\/mexico\/military-backed-mapping-project-in-oaxaca-under-fire\/\">Military-backed Mapping Project in Oaxaca Under Fire<\/a> (Cyril Mychalejko and Ramor Ryan, <i>UpsideDownWorld<\/i>, 4\/24\/09).<\/p>\n<p><a href=\"http:\/\/elenemigocomun.net\/2009\/06\/threat-genocide-military-mapping\/\">Threat of Genocide: US Military Mapping Against Mexico&#8217;s Indigenous<\/a> (Simon Sedillo, 7-8\/09)<\/p>\n<p><a href=\"https:\/\/sites.evergreen.edu\/zoltan\/wp-content\/uploads\/sites\/358\/2019\/10\/demarest-factor.doc\">The Demarest Factor: The Ethics of Department Of Defense Funding for Academic Research<\/a>, (Sim\u00f3n Sedillo, 3\/14\/09)<\/p>\n<p><a href=\"http:\/\/upsidedownworld.org\/main\/content\/view\/1759\/79\/\">Interview with UNOSJO Indigenous Rights Officer Aldo Gonz\u00e1lez<\/a> on mapping controversy in Oaxaca (Ramon Ryan, 3\/12\/09)<\/p>\n<p><a href=\"https:\/\/elenemigocomun.net\/2009\/01\/zapotec-indigenous-people-demand-transparency\/\">Zapotec Indigenous People in Mexico Demand Transparency from U.S. Scholar\u00a0<\/a>(Saulo Araujo, 1\/22\/09).<\/p>\n<p><a href=\"https:\/\/wikileaks.org\/wiki\/Geographic_Survey_Project_of_the_Sierra_Juarez_Mountains_Stirs_Protests\">Geographic Survey Project of the Sierra Juarez Mountains Stirs Protests <\/a>, (Nancy Davies, WikiLeaks, 2\/21\/09)<\/p>\n<p><a href=\"https:\/\/elenemigocomun.net\/2009\/01\/human-terrain-system-meets-bowman-expeditions-armytradoc-embroiled-another-controversy\/http:\/\/elenemigocomun.net\/2070\">Human Terrain System Meets the Bowman Expeditions<\/a> (John Stanton, 1\/29\/09)<\/p>\n<p><a href=\"http:\/\/elenemigocomun.net\">Enemigo Com\u00fan<\/a> (webpage on M\u00e9xico Ind\u00edgena project)<\/p>\n<p><a href=\"https:\/\/elenemigocomun.net\/2007\/11\/road-hell\/\">The Road to Hell <\/a>(Enemigo Com\u00fan)<\/p>\n<p><a href=\"http:\/\/en.wikipedia.org\/wiki\/Mexico_Indigena\">Wikipedia article<\/a> on M\u00e9xico Ind\u00edgena<\/p>\n<h3><b>REPLIES TO CRITIQUES<\/b><\/h3>\n<p><a href=\"https:\/\/sites.evergreen.edu\/zoltan\/wp-content\/uploads\/sites\/358\/2019\/10\/bowmanPR-english.doc\">American Geographical Society (AGS) press release<\/a><\/p>\n<p><a href=\"https:\/\/sites.evergreen.edu\/zoltan\/wp-content\/uploads\/sites\/358\/2019\/10\/BowmanEthics.doc\">Jerome Dobson statement<\/a><\/p>\n<p><a href=\"https:\/\/sites.evergreen.edu\/zoltan\/wp-content\/uploads\/sites\/358\/2019\/10\/Herlihy_MexicoEthics.pdf\">AGS Bowman Expedition M\u00e9xico Ind\u00edgena Ethics<\/a><\/p>\n<p><a href=\"https:\/\/web.archive.org\/web\/20090108191619\/http:\/\/web.ku.edu\/%7Emexind\/clear_up_misconceptions.htm\">M\u00e9xico Ind\u00edgena on &#8220;Misconceptions&#8221;<\/a><\/p>\n<p><a href=\"https:\/\/sites.evergreen.edu\/zoltan\/wp-content\/uploads\/sites\/358\/2019\/10\/HerlihyReply.pdf\">Self-appointed gatekeepers attack the American Geographical Society&#8217;s first Bowman Expedition<\/a> (Peter H. Herlihy, <i>Political Geography<\/i> 2010, 1-3)<\/p>\n<p><a href=\"https:\/\/sites.evergreen.edu\/zoltan\/wp-content\/uploads\/sites\/358\/2019\/10\/HerlihySelfAppointedGatekeepersEsp.doc\">Guardianes autoproclamados atacan la primera Expedicion Bowman de la Sociedad Geografica Americana<\/a> (Peter H. Herlihy, <i>Political Geography<\/i> 2010, 1-3)<\/p>\n<p><a href=\"https:\/\/www.wku.edu\/agriculture\/news\/index.php?view=article&amp;articleid=984&amp;return=archive\">World Human Geography Conference: Communities and Ethics<\/a> (Lawrence, Kansas, 9\/15-16\/11)<\/p>\n<h3><b>BACKGROUND ON M\u00c9XICO IND\u00cdGENA<\/b><\/h3>\n<p><a href=\"http:\/\/www.prmapping.res.ku.edu\/Mexico_Indigena\/role_geo.htm\">Bowman Expeditions website<\/a> (M\u00e9xico Ind\u00edgena)<\/p>\n<p><a href=\"https:\/\/americangeo.org\/bowman-expeditions\/\">AGS Bowman Expeditions<\/a><\/p>\n<p><a href=\"http:\/\/web.ku.edu\/~mexind\/sections%201%20and%202.pdf\">Executive Summary<\/a> of &#8220;M\u00e9xico Ind\u00edgena: Mexican Open-Source Geographic Information Systems (GIS) Project Final Report, Year One&#8221;, By Peter H. Herlihy, Derek A. Smith John H. Kelly, Jerome E. Dobson, 6\/5\/06. Prepared by the Radiance Research Team for the Foreign Military Studies Office (FMSO) and the American Geographical Society (AGS).<\/p>\n<p><a href=\"https:\/\/www.questia.com\/read\/1G1-181736524\/a-digital-geography-of-indigenous-mexico-prototype\">A Digital Geography of Indigenous Mexico: Prototype for the American Geographical Society&#8217;s Bowman Expeditions<\/a>, by Peter H. Herlihy, Jerome E. Dobson; Miguel Aguilar Robledo; Derek A. Smith; Kelly, John H.; Aida Ramos Viera (<em>Geographical Review<\/em>, July 2008)<\/p>\n<p><a href=\"http:\/\/www2.ljworld.com\/news\/2006\/oct\/23\/exploring_world_anew\/\">Lawrence newspaper<\/a><\/p>\n<p><a href=\"http:\/\/www.esri.com\/news\/arcnews\/spring07articles\/bring-back-geography-1of2.html\"><i>ESRI<\/i> article<\/a><\/p>\n<p><a href=\"http:\/\/www.mcwetboy.net\/maproom\/2006\/10\/the_bowman_expe.php\"><i>Map Room<\/i> article<\/a><\/p>\n<h3><b>BOWMAN EXPEDITIONS PERSONNEL<\/b><\/h3>\n<p><a href=\"https:\/\/ssi.armywarcollege.edu\/pubs\/people.cfm?authorID=62\">Geoffrey Demarest<\/a>, IberoAmerica researcher at the U.S. Army&#8217;s Foreign Military Studies Office, representative on M\u00e9xico Ind\u00edgena project.<\/p>\n<p><a href=\"https:\/\/sites.evergreen.edu\/zoltan\/wp-content\/uploads\/sites\/358\/2019\/10\/Geopolitics-and-Urban-Armed-Conflict.doc\">Geopolitics and Urban Armed Conflict in Latin America<\/a>, by Geoffrey Demarest, FMSO. <i>Small Wars and Insurgencies<\/i>, Vol. 6, No.1 (Spring 95)<\/p>\n<p><a href=\"https:\/\/sites.evergreen.edu\/zoltan\/wp-content\/uploads\/sites\/358\/2019\/10\/The-Overlap-of-Military-and-Police.doc\">The Overlap of Military and Police in Latin America<\/a>, by LTC Geoffrey Demarest, FMSO (4\/9\/95)<\/p>\n<p><a href=\"https:\/\/sites.evergreen.edu\/zoltan\/wp-content\/uploads\/sites\/358\/2019\/10\/MAPPING-COLOMBIA.pdf\">Mapping Colombia: the Correlation between Land Data and Strategy<\/a>, by Geoffrey Demarest, FMSO (3\/03).<\/p>\n<p><a href=\"https:\/\/sites.evergreen.edu\/zoltan\/wp-content\/uploads\/sites\/358\/2019\/10\/Expeditionary-Police-Service.doc\">Expeditionary Police Service<\/a>, by LTC Geoffrey Demarest, FMSO (<i>Military Review<\/i>, 6\/93).<\/p>\n<p><a href=\"https:\/\/community.apan.org\/wg\/tradoc-g2\/fmso\/m\/fmso-monographs\/252318\">The Strategic Implications of Operational Law<\/a>, by LTC Geoffrey Demarest, FMSO (4\/95).<\/p>\n<p><a href=\"https:\/\/books.google.com\/books?hl=en&amp;id=Hd-i06UZZG4C&amp;dq=geoffrey+demarest&amp;printsec=frontcover&amp;source=web&amp;ots=RUpyw-gRHI&amp;sig=t8_N9xdPTLka5a3M3GRlJBsXEEs&amp;sa=X&amp;oi=book_result&amp;resnum=6&amp;ct=result#v=onepage&amp;q=geoffrey%20demarest&amp;f=false\"><i>Geoproperty<\/i><\/a> book by Geoff Demarest (See pages 84, 91, 243 &#8212; or just Search for &#8220;indigenous&#8221;)<\/p>\n<p><a href=\"https:\/\/clacs.ku.edu\/jerome-dobson-0\">Jerome Dobson<\/a> biography<\/p>\n<p>Jerome Dobson in AGS newsletter <i><a href=\"https:\/\/myfiles.evergreen.edu\/academics\/academic_web\/homes\/g\/grossmaz\/www.amergeog.org\/ubiquefeb2006.pdf\">Ubique<\/a><\/i> (2\/06)<\/p>\n<p><a href=\"https:\/\/sites.evergreen.edu\/zoltan\/wp-content\/uploads\/sites\/358\/2019\/10\/ubiquefeb2006.pdf\">Fort Leavenworth Hosts AGS Council<\/a>; meeting with Gen. Petraeus, in <em>Ubique<\/em> <i><\/i> (12\/06)<\/p>\n<p><a href=\"http:\/\/archive.news.ku.edu\/2003\/03N\/MarchNews\/March5\/dobson.html\">Geoslavery<\/a> article by Jerome Dobson (<a href=\"http:\/\/www.oilempire.us\/geoslavery.html\">additional link<\/a>)<\/p>\n<p><a href=\"http:\/\/people.wku.edu\/david.keeling\/djkvitae.htm\">David J. Keeling<\/a> (Western Kentucky University)<\/p>\n<p><a href=\"https:\/\/onlinelibrary.wiley.com\/doi\/10.1111\/foge.12005\">Bowman Expedition in Medell\u00edn, Colombia<\/a> (David J. Keeling, Western Kentucky University Department of Geography)<\/p>\n<h3>FOREIGN MILITARY STUDIES OFFICE (FMSO) DOCUMENTS<\/h3>\n<p><a href=\"https:\/\/community.apan.org\/wg\/tradoc-g2\/fmso\/\">Foreign Military Studies Office (FMSO)<\/a>, Fort Leavenworth, Kansas<\/p>\n<p><a href=\"https:\/\/sites.evergreen.edu\/zoltan\/wp-content\/uploads\/sites\/358\/2019\/10\/1999-07-01-Insurgencies-Terrorist-Groups-and-Indigenous-Movements-Gato.pdf\">Insurgencies, Terrorist Groups and Indigenous Movements: An Annotated Bibliography <\/a>(Mr. Gerard Gato, Foreign Military Studies Office, Fort Leavenworth, KS) in <i>Military Review<\/i>, 7-8\/99<\/p>\n<p><a href=\"https:\/\/sites.evergreen.edu\/zoltan\/wp-content\/uploads\/sites\/358\/2019\/10\/madera_info_mgt_coin.pdf\">Civil Information Management in Support of Counterinsurgency Operations: A Case for the Use of Geospatial Information Systems in Colombia<\/a> by Maj. Jos\u00e9 M. Madera, FMSO. US Army Reserve, School of Advanced Military Studies, U.S. Army Command and General Staff College, Fort Leavenworth (AY 05-06).<\/p>\n<p>&#8220;<a href=\"https:\/\/sites.evergreen.edu\/zoltan\/wp-content\/uploads\/sites\/358\/2019\/10\/1997-06-01-Mexicos-Other-Insurgents-Turbiville.pdf\">Mexico&#8217;s Other Insurgents<\/a>.&#8221; (Graham H. Turbiville, Jr.) in <i>Military Review, <\/i>May-June 1997, pp. 81-90.<\/p>\n<p><a href=\"http:\/\/elenemigocomun.net\/wp-content\/uploads\/2009\/03\/internal-security-missions.pdf\">Law Enforcement and the Mexican Armed Forces: New Internal Security Missions Challenge the Military <\/a>(FMSO)<\/p>\n<p><a href=\"http:\/\/elenemigocomun.net\/wp-content\/uploads\/2009\/03\/us-mexican-border-security.pdf\">US-Mexican Border Security: Civil-Military Cooperation <\/a>(FMSO)<\/p>\n<p><a href=\"http:\/\/elenemigocomun.net\/wp-content\/uploads\/2009\/03\/mexican-security.pdf\">Mexican Security <\/a>(FMSO)<\/p>\n<p><a href=\"http:\/\/elenemigocomun.net\/wp-content\/uploads\/2009\/03\/chiapas-uprising.pdf\">Insurrection: An Analysis Of The Chiapas Uprising <\/a>(FMSO)<\/p>\n<p><a href=\"http:\/\/elenemigocomun.net\/wp-content\/uploads\/2009\/03\/mexico-security-posture.pdf\">Mexico&#8217;s Evolving Security Posture <\/a>(FMSO)<\/p>\n<p><a href=\"http:\/\/elenemigocomun.net\/wp-content\/uploads\/2009\/03\/multimission-internal-security.pdf\">Mexico&#8217;s Multimission Force for Internal Security <\/a>(FMSO)<\/p>\n<p><a href=\"http:\/\/elenemigocomun.net\/wp-content\/uploads\/2009\/03\/death-cult-drug-lords.pdf\">The Death Cult of the Drug Lords Mexico&#8217;s Patron Saint of Crime, Criminals, and the Dispossessed <\/a>(FMSO)<\/p>\n<h3><b>BACKGROUND ON LARGER CONTEXTS<\/b><\/h3>\n<p><a href=\"https:\/\/community.apan.org\/wg\/tradoc-g2\/fmso\/\">United Nations Declaration on the Rights of Indigenous Peoples<\/a> (see Article 11\/2)<\/p>\n<p><a href=\"https:\/\/zcomm.org\/zmagazine\/the-global-war-on-tribes-by-zoltan-grossman\/\">The Global War on Tribes<\/a> (Zolt\u00e1n Grossman,<em> Z magazine,<\/em> 6\/2\/10)<\/p>\n<p><a href=\"https:\/\/sites.evergreen.edu\/zoltan\/wp-content\/uploads\/sites\/358\/2019\/10\/GlobalWarOnTribesVictoriaText.doc\">Mapping, Indigenous Research Ethics, and the \u201cGlobal War on Tribes\u201d<\/a> (Zolt\u00e1n Grossman, Presentation to University of Victoria Department of Geography, 2\/24\/17).<\/p>\n<p><a href=\"http:\/\/www.ipsnews.net\/2005\/06\/latin-america-war-on-terror-has-indigenous-people-in-its-sights\/\">&#8216;War on Terror&#8217; Has Latin American Indigenous People in Its Sights<\/a> (Gustavo Gonz\u00e1lez, <i>Inter Press Service<\/i>, 6\/6\/05)<\/p>\n<p><a href=\"https:\/\/www.thenation.com\/article\/threat-hope-latin-america\/\">The Threat of Hope in Latin America <\/a>(Naomi Klein, <i>The Nation<\/i>, 11\/4\/05)<\/p>\n<p><a href=\"https:\/\/www.dni.gov\/files\/documents\/Global%20Trends_Mapping%20the%20Global%20Future%202020%20Project.pdf\">NIC Report <\/a>on <i>Mapping the Global Future 2020 (<\/i>by the National Intelligence Council). Includes &#8220;Latin America in 2020: Will Globalization Cause the Region to Split?&#8221; (pp. 78-95). <a href=\"https:\/\/sites.evergreen.edu\/zoltan\/wp-content\/uploads\/sites\/358\/2019\/10\/NIC.doc\">Summary<\/a><\/p>\n<div class=\"page\" title=\"Page 1\">\n<div class=\"section\">\n<div class=\"layoutArea\">\n<div class=\"column\">\n<p><a href=\"https:\/\/www.tandfonline.com\/doi\/abs\/10.1080\/02684527.2014.945348?journalCode=fint20\">From Anthropology to Human Geography: Human Terrain and the Evolution of Operational Sociocultural Understanding<\/a> (Richard M. Medina, <em>Intelligence and National Security<\/em> 8\/15\/14)<\/p>\n<\/div>\n<\/div>\n<\/div>\n<\/div>\n<p><a href=\"https:\/\/savageminds.org\/2009\/06\/05\/human-terrain-in-oaxaca\/\">Human Terrain in Oaxaca<\/a> (Dustin Oneman, <em>Savage Minds<\/em>, 2\/5\/09)<\/p>\n","protected":false},"excerpt":{"rendered":"<p>These are some links on the issues surrounding the M\u00e9xico Ind\u00edgena project at the University of Kansas, so geography students and other academic researchers can become more aware of the controversy involving its connection to the Foreign Military Studies Office (FMSO) nearby at Fort Leavenworth, Kansas. It is useful to understand the larger context of &hellip; <a href=\"https:\/\/sites.evergreen.edu\/zoltan\/bowman\/\" class=\"more-link\">Continue reading <span class=\"screen-reader-text\">Geographic Controversy over the Bowman Expeditions \/ M\u00e9xico Ind\u00edgena<\/span><\/a><\/p>\n","protected":false},"author":3910,"featured_media":0,"parent":0,"menu_order":0,"comment_status":"closed","ping_status":"closed","template":"","meta":{"_mi_skip_tracking":false},"_links":{"self":[{"href":"https:\/\/sites.evergreen.edu\/zoltan\/wp-json\/wp\/v2\/pages\/186"}],"collection":[{"href":"https:\/\/sites.evergreen.edu\/zoltan\/wp-json\/wp\/v2\/pages"}],"about":[{"href":"https:\/\/sites.evergreen.edu\/zoltan\/wp-json\/wp\/v2\/types\/page"}],"author":[{"embeddable":true,"href":"https:\/\/sites.evergreen.edu\/zoltan\/wp-json\/wp\/v2\/users\/3910"}],"replies":[{"embeddable":true,"href":"https:\/\/sites.evergreen.edu\/zoltan\/wp-json\/wp\/v2\/comments?post=186"}],"version-history":[{"count":2,"href":"https:\/\/sites.evergreen.edu\/zoltan\/wp-json\/wp\/v2\/pages\/186\/revisions"}],"predecessor-version":[{"id":2356,"href":"https:\/\/sites.evergreen.edu\/zoltan\/wp-json\/wp\/v2\/pages\/186\/revisions\/2356"}],"wp:attachment":[{"href":"https:\/\/sites.evergreen.edu\/zoltan\/wp-json\/wp\/v2\/media?parent=186"}],"curies":[{"name":"wp","href":"https:\/\/api.w.org\/{rel}","templated":true}]}}