{"id":24,"date":"2016-04-02T23:25:31","date_gmt":"2016-04-02T23:25:31","guid":{"rendered":"http:\/\/blogs.evergreen.edu\/irishdrama\/?page_id=24"},"modified":"2016-05-20T16:08:44","modified_gmt":"2016-05-20T23:08:44","slug":"songs","status":"publish","type":"page","link":"https:\/\/sites.evergreen.edu\/irishdrama\/songs\/","title":{"rendered":"Songs"},"content":{"rendered":"<p><a href=\"https:\/\/sites.evergreen.edu\/irishdrama\/wp-content\/uploads\/sites\/195\/2016\/04\/Heres-a-Health-to-the-Company.pdf\" rel=\"\">A Health to the Company<\/a><\/p>\n<p><a href=\"http:\/\/sites.evergreen.edu\/irishdrama\/songs\/the-bard-of-armagh\/\">The Bard of Armagh<\/a><\/p>\n<p><a href=\"http:\/\/sites.evergreen.edu\/irishdrama\/songs\/einini\/\">\u00c9in\u00edn\u00ed<\/a><\/p>\n<p><a href=\"http:\/\/sites.evergreen.edu\/irishdrama\/songs\/believe-me-if-all-those-endearing-young-charms\/\">Believe Me If All Those Endearing Young Charms<\/a><\/p>\n<p><a href=\"http:\/\/sites.evergreen.edu\/irishdrama\/songs\/the-bold-fenian-men\/\">The Bold Fenian Men<\/a><\/p>\n<p><a href=\"http:\/\/sites.evergreen.edu\/irishdrama\/songs\/kilkelly-ireland\/\">Kilkelly, Ireland<\/a><\/p>\n<p><a href=\"http:\/\/sites.evergreen.edu\/irishdrama\/songs\/skibbereen\/\">Skibbereen<\/a><\/p>\n<p><a href=\"http:\/\/sites.evergreen.edu\/irishdrama\/songs\/the-auld-triangle\/\">The Auld Triangle<\/a><\/p>\n<p><a href=\"http:\/\/sites.evergreen.edu\/irishdrama\/songs\/the-patriot-game\/\">The Patriot Game<\/a><\/p>\n<p><a href=\"http:\/\/sites.evergreen.edu\/irishdrama\/songs\/the-rising-of-the-moon\/\">The Rising of the Moon<\/a><\/p>\n<p><a href=\"http:\/\/sites.evergreen.edu\/irishdrama\/songs\/the-fields-of-athenry\/\">The Fields of Athenry<\/a><\/p>\n<p><a href=\"http:\/\/sites.evergreen.edu\/irishdrama\/songs\/there-were-roses\/\">There Were Roses<\/a><\/p>\n<p><a href=\"http:\/\/sites.evergreen.edu\/irishdrama\/songs\/the-green-fields-of-america\/\">The Green Fields of America<\/a><\/p>\n<p><a href=\"http:\/\/sites.evergreen.edu\/irishdrama\/songs\/freeborn-man-of-the-traveling-people\/\">Freeborn Man of the Traveling People<\/a><\/p>\n<p>&nbsp;<\/p>\n","protected":false},"excerpt":{"rendered":"<p>A Health to the Company The Bard of Armagh \u00c9in\u00edn\u00ed Believe Me If All Those Endearing Young Charms The Bold Fenian Men Kilkelly, Ireland Skibbereen The Auld Triangle The Patriot Game The Rising of the Moon The Fields of Athenry&#8230; <a class=\"more-link\" href=\"https:\/\/sites.evergreen.edu\/irishdrama\/songs\/\">Continue Reading &rarr;<\/a><\/p>\n","protected":false},"author":89,"featured_media":0,"parent":0,"menu_order":5,"comment_status":"closed","ping_status":"closed","template":"","meta":{"_mi_skip_tracking":false},"_links":{"self":[{"href":"https:\/\/sites.evergreen.edu\/irishdrama\/wp-json\/wp\/v2\/pages\/24"}],"collection":[{"href":"https:\/\/sites.evergreen.edu\/irishdrama\/wp-json\/wp\/v2\/pages"}],"about":[{"href":"https:\/\/sites.evergreen.edu\/irishdrama\/wp-json\/wp\/v2\/types\/page"}],"author":[{"embeddable":true,"href":"https:\/\/sites.evergreen.edu\/irishdrama\/wp-json\/wp\/v2\/users\/89"}],"replies":[{"embeddable":true,"href":"https:\/\/sites.evergreen.edu\/irishdrama\/wp-json\/wp\/v2\/comments?post=24"}],"version-history":[{"count":0,"href":"https:\/\/sites.evergreen.edu\/irishdrama\/wp-json\/wp\/v2\/pages\/24\/revisions"}],"wp:attachment":[{"href":"https:\/\/sites.evergreen.edu\/irishdrama\/wp-json\/wp\/v2\/media?parent=24"}],"curies":[{"name":"wp","href":"https:\/\/api.w.org\/{rel}","templated":true}]}}