{"id":199,"date":"2016-05-20T16:06:06","date_gmt":"2016-05-20T23:06:06","guid":{"rendered":"https:\/\/sites.evergreen.edu\/irishdrama\/?page_id=199"},"modified":"2016-05-20T16:06:06","modified_gmt":"2016-05-20T23:06:06","slug":"einini","status":"publish","type":"page","link":"https:\/\/sites.evergreen.edu\/irishdrama\/songs\/einini\/","title":{"rendered":"\u00c9in\u00edn\u00ed"},"content":{"rendered":"<p><strong><em>\u00c9in\u00edn\u00ed, \u00e9in\u00edn\u00ed, codala\u00edg\u00ed, codala\u00edg\u00ed<\/em><\/strong><\/p>\n<p>[ay-nee-nee, ay-nee-nee, <u>kuh<\/u>-da-<u>lee<\/u>-gee, <u>kuh<\/u>-da-<u>lee<\/u>-gee]<\/p>\n<p>Little birds, little birds, sleep, sleep<\/p>\n<p><strong><em>\u00a0<\/em><\/strong><\/p>\n<p><strong><em>\u00c9in\u00edn\u00ed, \u00e9in\u00edn\u00ed, codala\u00edg\u00ed, codala\u00edg\u00ed<\/em><\/strong><\/p>\n<p>[ay-nee-nee, ay-nee-nee, <u>kuh<\/u>-da-<u>lee<\/u>-gee, <u>kuh<\/u>-da-<u>lee<\/u>-gee]<\/p>\n<p>Little birds, little birds, sleep, sleep<\/p>\n<p>&nbsp;<\/p>\n<p>&#8212;&#8212;&#8212;&#8212;&#8212;&#8212;&#8212;-<\/p>\n<p>&nbsp;<\/p>\n<p><strong>Curf\u00e1:<\/strong><\/p>\n<p><strong>\u00a0<\/strong><\/p>\n<p><strong><em>Codala\u00edg\u00ed, codala\u00edg\u00ed <\/em><\/strong><\/p>\n<p>[<u>kuh<\/u>-da-<u>lee<\/u>-gee, <u>kuh<\/u>-da-<u>lee<\/u>-gee]<\/p>\n<p>Sleep, sleep<\/p>\n<p>&nbsp;<\/p>\n<p><strong><em>Cois an chla\u00ed amuigh, cois an chla\u00ed amuigh <\/em><\/strong><\/p>\n<p>[kush uh khlee ah-mwee, kush uh khlee ah-mwee]<\/p>\n<p>By the wall outside, by the wall outside<\/p>\n<p>&nbsp;<\/p>\n<p><strong><em>Codala\u00edg\u00ed, codala\u00edg\u00ed <\/em><\/strong><\/p>\n<p>[<u>kuh<\/u>-da-<u>lee<\/u>-gee, <u>kuh<\/u>-da-<u>lee<\/u>-gee]<\/p>\n<p>Sleep, sleep<\/p>\n<p><strong><em>\u00a0<\/em><\/strong><\/p>\n<p><strong><em>Cois an chla\u00ed amuigh, cois an chla\u00ed amuigh. <\/em><\/strong><\/p>\n<p>[kush uh khlee ah-mwee, kush uh khlee ah-mwee]<\/p>\n<p>By the wall outside, by the wall outside.<\/p>\n<p>&nbsp;<\/p>\n<p>&nbsp;<\/p>\n<p>&#8212;&#8212;&#8212;&#8212;&#8212;&#8212;&#8212;-<\/p>\n<p><strong><em>\u00a0<\/em><\/strong><\/p>\n<p><strong><em>\u00a0<\/em><\/strong><\/p>\n<p><strong><em>\u00a0<\/em><\/strong><\/p>\n<p><strong><em>An londubh is an fiach dubh, t\u00e9ig\u00ed a chodhladh, t\u00e9ig\u00ed a chodhladh<\/em><\/strong><\/p>\n<p>[Unn <u>lon<\/u>-doov sunn <u>fee<\/u>-yakh doov, tchay-gee uh khull-uh, tchay-gee uh khull-uh]<\/p>\n<p>The blackbird and the raven, go to sleep, go to sleep<\/p>\n<p>&nbsp;<\/p>\n<p><strong><em>An ch\u00e9irseach is an pr\u00e9ach\u00e1n, t\u00e9ig\u00ed a chodladh, t\u00e9ig\u00ed a chodladh\u00a0 <\/em><\/strong><\/p>\n<p>\u00a0[unn <u>khair<\/u>-shakh sunn <u>preh<\/u>-khawn, tchay-gee uh khull-uh, tchay-gee uh khull-uh]<\/p>\n<p>The hen-blackbird and the crow, go to sleep, go to sleep.<\/p>\n<p>&nbsp;<\/p>\n<p>CURF\u00c1<\/p>\n<p><strong><em>\u00a0<\/em><\/strong><\/p>\n<p><strong><em>An spideog is an fhuiseog, t\u00e9ig\u00ed a chodhladh, t\u00e9ig\u00ed a chodhladh<\/em><\/strong><\/p>\n<p>\u00a0[unn <u>spih<\/u>-dyoge sunn <u>iss<\/u>-yoge, tchay-gee uh khull-uh, tchay-gee uh khull-uh]<\/p>\n<p>The robin and the skylark, go to sleep, go to sleep<\/p>\n<p>&nbsp;<\/p>\n<p><strong><em>An dreoil\u00edn is an sm\u00f3il\u00edn, t\u00e9ig\u00ed a chodhladh, t\u00e9ig\u00ed a chodhladh<\/em><\/strong><\/p>\n<p>[unn <u>dryo<\/u>-leen sunn <u>smo<\/u>-leen, tchay-gee uh khull-uh, tchay-gee uh khull-uh]<\/p>\n<p>The wren and the little thrush, go to sleep, go to sleep.<\/p>\n<p>&nbsp;<\/p>\n<p>CURF\u00c1<\/p>\n<p>&nbsp;<\/p>\n<p><strong><em>An cuaich\u00edn is an cr\u00faid\u00edn, t\u00e9ig\u00ed a chodhladh, t\u00e9ig\u00ed a chodhladh<\/em><\/strong><\/p>\n<p>[unn <u>koo<\/u>-a-kheen sunn <u>kroo<\/u>-jeen, tchay-gee uh khull-uh, tchay-gee uh khull-uh]<\/p>\n<p>The little cuckoo and the kingfisher, go to sleep, go to sleep.<\/p>\n<p>&nbsp;<\/p>\n<p><strong><em>An gabhl\u00e1n is an gealbh\u00e1n, t\u00e9ig\u00ed a chodhladh, t\u00e9ig\u00ed a chodhladh<\/em><\/strong><\/p>\n<p>[unn <u>gaw<\/u>-lawn sunn <u>gyall<\/u>-vawn, tchay-gee uh khull-uh, tchay-gee uh khull-uh]<\/p>\n<p>The swift and the sparrow, go to sleep, go to sleep.<\/p>\n<p>&nbsp;<\/p>\n<p>CURF\u00c1<\/p>\n<p><strong><em>\u00a0<\/em><\/strong><\/p>\n<p><strong><em>An meant\u00e1n is an corcr\u00e1n, t\u00e9ig\u00ed a chodhladh, t\u00e9ig\u00ed a chodhladh<\/em><\/strong><\/p>\n<p>[unn <u>man<\/u>-tawn sunn <u>kor<\/u>-krawn, tchay-gee uh khull-uh, tchay-gee uh khull-uh]<\/p>\n<p>The tit and the finch, go to sleep, go to sleep.<\/p>\n<p>&nbsp;<\/p>\n<p><strong><em>An geal\u00f3g is an glas\u00f3g, t\u00e9ig\u00ed a chodhladh, t\u00e9ig\u00ed a chodhladh<\/em><\/strong><\/p>\n<p>[unn <u>gyall<\/u>-oge sunn <u>glah<\/u>-soge, tchay-gee uh khull-uh, tchay-gee uh khull-uh]<\/p>\n<p>The bunting and the wagtail, go to sleep, go to sleep.<\/p>\n<p>&nbsp;<\/p>\n<p>CURF\u00c1<\/p>\n<p><strong><em>\u00a0<\/em><\/strong><\/p>\n<p><strong><em>An ceolaire is an cuilire, t\u00e9ig\u00ed a chodhladh, t\u00e9ig\u00ed a chodhladh<\/em><\/strong><\/p>\n<p>[unn <u>kyol<\/u>-i-reh sunn <u>kwil<\/u>-i-reh, tchay-gee uh khull-uh, tchay-gee uh khull-uh]<\/p>\n<p>The warbler and the flycatcher, go to sleep, go to sleep.<\/p>\n<p>&nbsp;<\/p>\n<p><strong><em>An r\u00facach is an gleoiseach, t\u00e9ig\u00ed a chodhladh, t\u00e9ig\u00ed a chodhladh<\/em><\/strong><\/p>\n<p>[unn <u>roo<\/u>-kakh sunn <u>glih<\/u>-shyakh, tchay-gee uh khull-uh, tchay-gee uh khull-uh]<\/p>\n<p>The rook and the linnet, go to sleep, go to sleep.<\/p>\n","protected":false},"excerpt":{"rendered":"<p>\u00c9in\u00edn\u00ed, \u00e9in\u00edn\u00ed, codala\u00edg\u00ed, codala\u00edg\u00ed [ay-nee-nee, ay-nee-nee, kuh-da-lee-gee, kuh-da-lee-gee] Little birds, little birds, sleep, sleep \u00a0 \u00c9in\u00edn\u00ed, \u00e9in\u00edn\u00ed, codala\u00edg\u00ed, codala\u00edg\u00ed [ay-nee-nee, ay-nee-nee, kuh-da-lee-gee, kuh-da-lee-gee] Little birds, little birds, sleep, sleep &nbsp; &#8212;&#8212;&#8212;&#8212;&#8212;&#8212;&#8212;- &nbsp; Curf\u00e1: \u00a0 Codala\u00edg\u00ed, codala\u00edg\u00ed [kuh-da-lee-gee, kuh-da-lee-gee] Sleep, sleep&#8230; <a class=\"more-link\" href=\"https:\/\/sites.evergreen.edu\/irishdrama\/songs\/einini\/\">Continue Reading &rarr;<\/a><\/p>\n","protected":false},"author":89,"featured_media":0,"parent":24,"menu_order":0,"comment_status":"closed","ping_status":"closed","template":"","meta":{"_mi_skip_tracking":false},"_links":{"self":[{"href":"https:\/\/sites.evergreen.edu\/irishdrama\/wp-json\/wp\/v2\/pages\/199"}],"collection":[{"href":"https:\/\/sites.evergreen.edu\/irishdrama\/wp-json\/wp\/v2\/pages"}],"about":[{"href":"https:\/\/sites.evergreen.edu\/irishdrama\/wp-json\/wp\/v2\/types\/page"}],"author":[{"embeddable":true,"href":"https:\/\/sites.evergreen.edu\/irishdrama\/wp-json\/wp\/v2\/users\/89"}],"replies":[{"embeddable":true,"href":"https:\/\/sites.evergreen.edu\/irishdrama\/wp-json\/wp\/v2\/comments?post=199"}],"version-history":[{"count":0,"href":"https:\/\/sites.evergreen.edu\/irishdrama\/wp-json\/wp\/v2\/pages\/199\/revisions"}],"up":[{"embeddable":true,"href":"https:\/\/sites.evergreen.edu\/irishdrama\/wp-json\/wp\/v2\/pages\/24"}],"wp:attachment":[{"href":"https:\/\/sites.evergreen.edu\/irishdrama\/wp-json\/wp\/v2\/media?parent=199"}],"curies":[{"name":"wp","href":"https:\/\/api.w.org\/{rel}","templated":true}]}}